{"id":111,"date":"2025-10-15T12:26:09","date_gmt":"2025-10-15T12:26:09","guid":{"rendered":"https:\/\/wilmalaru.fi\/?page_id=111"},"modified":"2025-10-23T11:51:43","modified_gmt":"2025-10-23T11:51:43","slug":"minusta","status":"publish","type":"page","link":"https:\/\/wilmalaru.fi\/?page_id=111","title":{"rendered":"Minusta"},"content":{"rendered":"\n<div class=\"wp-block-group alignfull has-global-padding is-layout-constrained wp-container-core-group-is-layout-d988b764 wp-block-group-is-layout-constrained\" style=\"margin-top:0;margin-bottom:0;padding-top:var(--wp--preset--spacing--superbspacing-medium);padding-right:var(--wp--preset--spacing--superbspacing-small);padding-bottom:var(--wp--preset--spacing--superbspacing-small);padding-left:var(--wp--preset--spacing--superbspacing-small)\">\n<div class=\"wp-block-cover is-light\"><span aria-hidden=\"true\" class=\"wp-block-cover__background has-background-dim\" style=\"background-color:#FFF\"><\/span><div class=\"wp-block-cover__inner-container has-global-padding is-layout-constrained wp-block-cover-is-layout-constrained\">\n<h2 class=\"wp-block-heading has-text-align-center has-large-font-size\"><mark style=\"background-color:rgba(0, 0, 0, 0)\" class=\"has-inline-color has-contrast-light-color\">MINUSTA<\/mark><\/h2>\n<\/div><\/div>\n\n\n\n<div class=\"wp-block-columns are-vertically-aligned-center is-layout-flex wp-container-core-columns-is-layout-b7e7b694 wp-block-columns-is-layout-flex\">\n<div class=\"wp-block-column is-vertically-aligned-center is-layout-flow wp-block-column-is-layout-flow\" style=\"flex-basis:50%\">\n<figure class=\"wp-block-image size-full\" style=\"margin-right:0\"><img loading=\"lazy\" decoding=\"async\" width=\"1200\" height=\"1200\" src=\"https:\/\/wilmalaru.fi\/wp-content\/uploads\/2025\/10\/IMG_7382-1-1.jpeg\" alt=\"\" class=\"wp-image-86\" srcset=\"https:\/\/wilmalaru.fi\/wp-content\/uploads\/2025\/10\/IMG_7382-1-1.jpeg 1200w, https:\/\/wilmalaru.fi\/wp-content\/uploads\/2025\/10\/IMG_7382-1-1-300x300.jpeg 300w, https:\/\/wilmalaru.fi\/wp-content\/uploads\/2025\/10\/IMG_7382-1-1-1024x1024.jpeg 1024w, https:\/\/wilmalaru.fi\/wp-content\/uploads\/2025\/10\/IMG_7382-1-1-150x150.jpeg 150w, https:\/\/wilmalaru.fi\/wp-content\/uploads\/2025\/10\/IMG_7382-1-1-768x768.jpeg 768w\" sizes=\"auto, (max-width: 1200px) 100vw, 1200px\" \/><\/figure>\n<\/div>\n\n\n\n<div class=\"wp-block-column is-vertically-aligned-center is-layout-flow wp-block-column-is-layout-flow\" style=\"flex-basis:50%\">\n<h2 class=\"wp-block-heading has-superbfont-large-font-size\">Wilma Laru<\/h2>\n\n\n\n<p style=\"font-size:clamp(14px, 0.875rem + ((1vw - 3.2px) * 0.341), 17px);\">Olen Wilma Laru urheilukoirahieroja sek\u00e4 insin\u00f6\u00f6ri. Lis\u00e4ksi olen aloittanut EOMT-opinnot. <\/p>\n\n\n\n<p style=\"font-size:clamp(14px, 0.875rem + ((1vw - 3.2px) * 0.341), 17px);\">Meill\u00e4 on aina ollut perheess\u00e4 koiria. Lis\u00e4ksi hevoset ovat olleet nuorena l\u00e4hes koko el\u00e4m\u00e4 ja tallilla tuli ravattua monta kertaa viikossa. Jossain vaiheessa talli, jolla k\u00e4vin aktiivisesti lopetti toimintansa joten hevoset ja niiden kanssa harrastaminen j\u00e4i. Samaan aikaan koiraharrastukset alkoivat vied\u00e4 mukanaan. T\u00e4ll\u00e4kin hetkell\u00e4 harrastan koirien kanssa aktiivisesti agility\u00e4 sek\u00e4 vesiriistaa. T\u00e4m\u00e4n hetkiseen laumaan kuuluukin kolme ihanaa ja erilaista borderterrieri\u00e4.<\/p>\n<\/div>\n<\/div>\n\n\n\n<div class=\"wp-block-group alignfull has-global-padding is-layout-constrained wp-container-core-group-is-layout-4e17e602 wp-block-group-is-layout-constrained\" style=\"padding-top:var(--wp--preset--spacing--superbspacing-medium);padding-right:var(--wp--preset--spacing--superbspacing-small);padding-bottom:var(--wp--preset--spacing--superbspacing-medium);padding-left:var(--wp--preset--spacing--superbspacing-small)\">\n<h4 class=\"wp-block-heading has-text-align-left has-primary-color has-text-color has-superbfont-xsmall-font-size\" style=\"font-style:normal;font-weight:700;letter-spacing:0px\">Our Story<\/h4>\n\n\n\n<h2 class=\"wp-block-heading has-text-align-left has-contrast-color has-text-color has-superbfont-large-font-size\">From Vision to Reality: A Journey of Passion and Purpose<\/h2>\n\n\n\n<div class=\"wp-block-group is-layout-flow wp-container-core-group-is-layout-3fbca637 wp-block-group-is-layout-flow\">\n<p class=\"has-superbfont-small-font-size\">Lorem ipsum dolor sit amet, consectetur adipiscing elit. Fusce imperdiet sed neque vitae pharetra. Duis vitae dolor dictum, interdum metus quis, posuere nisl. Aenean convallis odio a odio lobortis fringilla. Proin consequat id quam et convallis. Praesent dui sem, rhoncus ut ex ut, bibendum euismod justo.<\/p>\n\n\n\n<p class=\"has-superbfont-small-font-size\">Vestibulum pellentesque metus cursus ligula luctus, vel lacinia enim pulvinar. Praesent quis tincidunt ante, non cursus erat. Duis pellentesque bibendum condimentum. Praesent sit amet purus fermentum, semper sem sit amet, tempor ligula. In id pulvinar libero. Etiam odio urna, lobortis non maximus at, convallis sed diam. Aliquam erat volutpat.<\/p>\n\n\n\n<p class=\"has-superbfont-small-font-size\">Maecenas pulvinar neque felis, eget scelerisque sem laoreet vitae. Etiam suscipit mauris at mollis consectetur. Aenean blandit aliquam purus pretium elementum.Proin sit amet porttitor velit. Praesent quis cursus metus, ut accumsan mi. Integer lectus purus.<\/p>\n\n\n\n<p class=\"has-superbfont-small-font-size\">Lorem ipsum dolor sit amet, consectetur adipiscing elit. Fusce imperdiet sed neque vitae pharetra. Duis vitae dolor dictum, interdum metus quis, posuere nisl. Aenean convallis odio a odio lobortis fringilla. Proin consequat id quam et convallis. Praesent dui sem, rhoncus ut ex ut, bibendum euismod justo.<\/p>\n\n\n\n<p class=\"has-superbfont-small-font-size\">Vestibulum pellentesque metus cursus ligula luctus, vel lacinia enim pulvinar. Praesent quis tincidunt ante, non cursus erat. Duis pellentesque bibendum condimentum. Praesent sit amet purus fermentum, semper sem sit amet, tempor ligula. In id pulvinar libero. Etiam odio urna, lobortis non maximus at, convallis sed diam. Aliquam erat volutpat.aesent quis cursus metus, ut accumsan mi. Integer lectus purus.<\/p>\n<\/div>\n<\/div>\n<\/div>\n","protected":false},"excerpt":{"rendered":"<p>Wilma Laru Olen Wilma Laru urheilukoirahieroja sek\u00e4 insin\u00f6\u00f6ri. Lis\u00e4ksi olen aloittanut EOMT-opinnot. Meill\u00e4 on aina ollut perheess\u00e4 koiria. Lis\u00e4ksi hevoset ovat olleet nuorena l\u00e4hes koko el\u00e4m\u00e4 ja tallilla tuli ravattua monta kertaa viikossa. Jossain vaiheessa talli, jolla k\u00e4vin aktiivisesti lopetti toimintansa joten hevoset ja niiden kanssa harrastaminen j\u00e4i. Samaan aikaan koiraharrastukset alkoivat vied\u00e4 mukanaan. T\u00e4ll\u00e4kin [&hellip;]<\/p>\n","protected":false},"author":1,"featured_media":0,"parent":0,"menu_order":0,"comment_status":"closed","ping_status":"closed","template":"about","meta":{"footnotes":""},"class_list":["post-111","page","type-page","status-publish","hentry"],"_links":{"self":[{"href":"https:\/\/wilmalaru.fi\/index.php?rest_route=\/wp\/v2\/pages\/111","targetHints":{"allow":["GET"]}}],"collection":[{"href":"https:\/\/wilmalaru.fi\/index.php?rest_route=\/wp\/v2\/pages"}],"about":[{"href":"https:\/\/wilmalaru.fi\/index.php?rest_route=\/wp\/v2\/types\/page"}],"author":[{"embeddable":true,"href":"https:\/\/wilmalaru.fi\/index.php?rest_route=\/wp\/v2\/users\/1"}],"replies":[{"embeddable":true,"href":"https:\/\/wilmalaru.fi\/index.php?rest_route=%2Fwp%2Fv2%2Fcomments&post=111"}],"version-history":[{"count":2,"href":"https:\/\/wilmalaru.fi\/index.php?rest_route=\/wp\/v2\/pages\/111\/revisions"}],"predecessor-version":[{"id":217,"href":"https:\/\/wilmalaru.fi\/index.php?rest_route=\/wp\/v2\/pages\/111\/revisions\/217"}],"wp:attachment":[{"href":"https:\/\/wilmalaru.fi\/index.php?rest_route=%2Fwp%2Fv2%2Fmedia&parent=111"}],"curies":[{"name":"wp","href":"https:\/\/api.w.org\/{rel}","templated":true}]}}